{"id":505822,"date":"2021-10-04T11:32:25","date_gmt":"2021-10-04T09:32:25","guid":{"rendered":"https:\/\/audiologyblog.phonakpro.com\/?page_id=505822"},"modified":"2022-11-02T10:45:43","modified_gmt":"2022-11-02T09:45:43","slug":"home","status":"publish","type":"page","link":"https:\/\/audiologyblog.phonakpro.com\/de\/","title":{"rendered":"Home"},"content":{"rendered":"\n<h2 class=\"has-large-font-size wp-block-heading\">Audiology Blog<\/h2>\n\n\n\n<p class=\"has-copy-font-size\">Auf dem Phonak Audiologie Blog beleuchten unsere Experten von Phonak und aus der gesamten Industrie audiologische Themen f\u00fcr Sie. Mit unseren kurzen und unterhaltsamen Artikeln bleiben Sie auf einfache Weise auf dem Laufenden zu den neusten Entwicklungen in der H\u00f6rakustik.<\/p>\n\n\n\n<hr class=\"wp-block-separator\"\/>\n\n\n\n<div class=\"wp-block-ab-category-teaser\"><div class=\"ab-category-teaser\" id=\"category-4\"><h4 class=\"ab-category-teaser--name\">Technology<\/h4><p>Amount: <span class=\"ab-category-teaser--amount\">3<\/span><\/p><\/div><\/div>\n\n\n\n<div class=\"wp-block-ab-teaser-container\"><div class=\"swiper-container\"><div class=\"swiper-wrapper\">\n<div class=\"wp-block-ab-teaser swiper-slide img-right\">\n<div class=\"wp-block-columns is-layout-flex wp-container-core-columns-is-layout-9d6595d7 wp-block-columns-is-layout-flex\">\n<div class=\"wp-block-column wp-block-ab-teaser--image is-layout-flow wp-block-column-is-layout-flow\">\n<figure class=\"wp-block-image size-large\"><img loading=\"lazy\" decoding=\"async\" width=\"1190\" height=\"650\" src=\"https:\/\/audiologyblog.phonakpro.com\/wp-content\/uploads\/2021\/10\/Learning_Grafik-1190x650.png\" alt=\"\" class=\"wp-image-505961\" srcset=\"https:\/\/audiologyblog.phonakpro.com\/wp-content\/uploads\/2021\/10\/Learning_Grafik-1190x650.png 1190w, https:\/\/audiologyblog.phonakpro.com\/wp-content\/uploads\/2021\/10\/Learning_Grafik-582x318.png 582w, https:\/\/audiologyblog.phonakpro.com\/wp-content\/uploads\/2021\/10\/Learning_Grafik-1536x840.png 1536w, https:\/\/audiologyblog.phonakpro.com\/wp-content\/uploads\/2021\/10\/Learning_Grafik-2048x1119.png 2048w, https:\/\/audiologyblog.phonakpro.com\/wp-content\/uploads\/2021\/10\/Learning_Grafik-230x125.png 230w, https:\/\/audiologyblog.phonakpro.com\/wp-content\/uploads\/2021\/10\/Learning_Grafik-310x169.png 310w\" sizes=\"auto, (max-width: 1190px) 100vw, 1190px\" \/><\/figure>\n\n\n\n<p><\/p>\n<\/div>\n\n\n\n<div class=\"wp-block-column wp-block-ab-teaser--header is-layout-flow wp-block-column-is-layout-flow\">\n<h3 class=\"has-dot has-huge-font-size has-strong-font-weight wp-block-heading\">Unser know-how \u2013<br>Ihr Vorteil<\/h3>\n\n\n\n<p><\/p>\n\n\n\n<p>Bleiben Sie mit abwechslungsreichen Trainingsvideos, interaktiven Selbstlernkursen und ma\u00dfgeschneiderten Live-Seminaren auf den neuesten Stand.<\/p>\n\n\n\n<div class=\"wp-block-button\"><a class=\"wp-block-button__link\" href=\"\/de\/phonak-welt\/trainings-und-tutorials\/\">Jetzt starten<\/a><\/div>\n<\/div>\n<\/div>\n<\/div>\n<\/div><div class=\"swiper-pagination\"><\/div><\/div><\/div>\n\n\n\n<div class=\"wp-block-ab-category-teaser\"><div class=\"ab-category-teaser\" id=\"category-10\"><h4 class=\"ab-category-teaser--name\">Family-Centered Care<\/h4><p>Amount: <span class=\"ab-category-teaser--amount\">2<\/span><\/p><\/div><\/div>\n\n\n\n<div class=\"wp-block-ab-teaser-container\"><div class=\"swiper-container\"><div class=\"swiper-wrapper\">\n<div class=\"wp-block-ab-teaser swiper-slide img-left\">\n<div class=\"wp-block-columns is-layout-flex wp-container-core-columns-is-layout-9d6595d7 wp-block-columns-is-layout-flex\">\n<div class=\"wp-block-column wp-block-ab-teaser--image is-layout-flow wp-block-column-is-layout-flow\">\n<figure class=\"wp-block-image size-large\"><img loading=\"lazy\" decoding=\"async\" width=\"1190\" height=\"794\" src=\"https:\/\/audiologyblog.phonakpro.com\/wp-content\/uploads\/2021\/10\/iStock-481520663-1190x794.jpg\" alt=\"\" class=\"wp-image-505854\" srcset=\"https:\/\/audiologyblog.phonakpro.com\/wp-content\/uploads\/2021\/10\/iStock-481520663-1190x794.jpg 1190w, https:\/\/audiologyblog.phonakpro.com\/wp-content\/uploads\/2021\/10\/iStock-481520663-582x388.jpg 582w, https:\/\/audiologyblog.phonakpro.com\/wp-content\/uploads\/2021\/10\/iStock-481520663-1536x1025.jpg 1536w, https:\/\/audiologyblog.phonakpro.com\/wp-content\/uploads\/2021\/10\/iStock-481520663-2048x1367.jpg 2048w, https:\/\/audiologyblog.phonakpro.com\/wp-content\/uploads\/2021\/10\/iStock-481520663-310x207.jpg 310w\" sizes=\"auto, (max-width: 1190px) 100vw, 1190px\" \/><figcaption>Asian business woman texting on her cell phone at the office and looking happy &#8211; communications concepts<\/figcaption><\/figure>\n<\/div>\n\n\n\n<div class=\"wp-block-column wp-block-ab-teaser--header is-layout-flow wp-block-column-is-layout-flow\">\n<h3 class=\"has-dot has-huge-font-size has-strong-font-weight wp-block-heading\">Einfach auf dem<br>Laufenden bleiben<\/h3>\n\n\n\n<p><meta charset=\"utf-8\">Werden Sie Teil unserer Community und erhalten Sie unsere w\u00f6chentlichen Updates zu neuen Artikeln. Wir versorgen Sie regelm\u00e4\u00dfig mit den aktuellen Trendthemen aus der H\u00f6rakustikbranche!<\/p>\n\n\n\n<div class=\"wp-block-buttons is-layout-flex wp-block-buttons-is-layout-flex\">\n<div class=\"wp-block-button\"><a class=\"wp-block-button__link\" href=\"#subscribe\">Jetzt anmelden<\/a><\/div>\n<\/div>\n<\/div>\n<\/div>\n<\/div>\n<\/div><div class=\"swiper-pagination\"><\/div><\/div><\/div>\n\n\n\n<div class=\"wp-block-ab-category-teaser\"><div class=\"ab-category-teaser\" id=\"category-6\"><h4 class=\"ab-category-teaser--name\">Clinical Practice<\/h4><p>Amount: <span class=\"ab-category-teaser--amount\">3<\/span><\/p><\/div><\/div>\n\n\n\n<div class=\"wp-block-ab-further-topics\"><div class=\"ab-further-topics\"><h3>Further Topics<\/h3><div class=\"ab-further-topics-1\" id=\"15\"><h4 class=\"ab-further-topics--name name1\">P\u00e4dakustik<\/h4><\/div><div class=\"ab-further-topics-2\" id=\"13\"><h4 class=\"ab-further-topics--name name2\">Studien<\/h4><\/div><div class=\"ab-further-topics-3\" id=\"16\"><h4 class=\"ab-further-topics--name name3\">Technologie<\/h4><\/div><\/div><\/div>\n","protected":false},"excerpt":{"rendered":"<p>Audiology Blog Auf dem Phonak Audiologie Blog beleuchten unsere Experten von Phonak und aus der gesamten Industrie audiologische Themen f\u00fcr Sie. Mit unseren kurzen und unterhaltsamen Artikeln bleiben Sie auf einfache Weise auf dem Laufenden zu den neusten Entwicklungen in der H\u00f6rakustik.<\/p>\n","protected":false},"author":1,"featured_media":0,"parent":0,"menu_order":0,"comment_status":"closed","ping_status":"closed","template":"","meta":{"footnotes":""},"class_list":["post-505822","page","type-page","status-publish","hentry"],"acf":[],"yoast_head":"<!-- This site is optimized with the Yoast SEO plugin v25.9 - https:\/\/yoast.com\/wordpress\/plugins\/seo\/ -->\n<title>Home - Phonak Audiology Blog - Phonak Pro - life is on<\/title>\n<meta name=\"robots\" content=\"index, follow, max-snippet:-1, max-image-preview:large, max-video-preview:-1\" \/>\n<link rel=\"canonical\" href=\"https:\/\/audiologyblog.phonakpro.com\/de\/\" \/>\n<meta property=\"og:locale\" content=\"de_DE\" \/>\n<meta property=\"og:type\" content=\"article\" \/>\n<meta property=\"og:title\" content=\"Home - Phonak Audiology Blog - Phonak Pro - life is on\" \/>\n<meta property=\"og:description\" content=\"Audiology Blog Auf dem Phonak Audiologie Blog beleuchten unsere Experten von Phonak und aus der gesamten Industrie audiologische Themen f\u00fcr Sie. Mit unseren kurzen und unterhaltsamen Artikeln bleiben Sie auf einfache Weise auf dem Laufenden zu den neusten Entwicklungen in der H\u00f6rakustik.\" \/>\n<meta property=\"og:url\" content=\"https:\/\/audiologyblog.phonakpro.com\/de\/\" \/>\n<meta property=\"og:site_name\" content=\"Phonak Audiology Blog - Phonak Pro - life is on\" \/>\n<meta property=\"article:publisher\" content=\"https:\/\/www.facebook.com\/phonak\" \/>\n<meta property=\"article:modified_time\" content=\"2022-11-02T09:45:43+00:00\" \/>\n<meta property=\"og:image\" content=\"https:\/\/audiologyblog.phonakpro.com\/wp-content\/uploads\/2021\/10\/Learning_Grafik-1190x650.png\" \/>\n<meta name=\"twitter:card\" content=\"summary_large_image\" \/>\n<meta name=\"twitter:site\" content=\"@phonak\" \/>\n<meta name=\"twitter:label1\" content=\"Gesch\u00e4tzte Lesezeit\" \/>\n\t<meta name=\"twitter:data1\" content=\"1\u00a0Minute\" \/>\n<script type=\"application\/ld+json\" class=\"yoast-schema-graph\">{\"@context\":\"https:\/\/schema.org\",\"@graph\":[{\"@type\":\"WebPage\",\"@id\":\"https:\/\/audiologyblog.phonakpro.com\/de\/\",\"url\":\"https:\/\/audiologyblog.phonakpro.com\/de\/\",\"name\":\"Home - Phonak Audiology Blog - Phonak Pro - life is on\",\"isPartOf\":{\"@id\":\"https:\/\/audiologyblog.phonakpro.com\/#website\"},\"primaryImageOfPage\":{\"@id\":\"https:\/\/audiologyblog.phonakpro.com\/de\/#primaryimage\"},\"image\":{\"@id\":\"https:\/\/audiologyblog.phonakpro.com\/de\/#primaryimage\"},\"thumbnailUrl\":\"https:\/\/audiologyblog.phonakpro.com\/wp-content\/uploads\/2021\/10\/Learning_Grafik-1190x650.png\",\"datePublished\":\"2021-10-04T09:32:25+00:00\",\"dateModified\":\"2022-11-02T09:45:43+00:00\",\"breadcrumb\":{\"@id\":\"https:\/\/audiologyblog.phonakpro.com\/de\/#breadcrumb\"},\"inLanguage\":\"de\",\"potentialAction\":[{\"@type\":\"ReadAction\",\"target\":[\"https:\/\/audiologyblog.phonakpro.com\/de\/\"]}]},{\"@type\":\"ImageObject\",\"inLanguage\":\"de\",\"@id\":\"https:\/\/audiologyblog.phonakpro.com\/de\/#primaryimage\",\"url\":\"https:\/\/audiologyblog.phonakpro.com\/wp-content\/uploads\/2021\/10\/Learning_Grafik-1190x650.png\",\"contentUrl\":\"https:\/\/audiologyblog.phonakpro.com\/wp-content\/uploads\/2021\/10\/Learning_Grafik-1190x650.png\"},{\"@type\":\"BreadcrumbList\",\"@id\":\"https:\/\/audiologyblog.phonakpro.com\/de\/#breadcrumb\",\"itemListElement\":[{\"@type\":\"ListItem\",\"position\":1,\"name\":\"Home\",\"item\":\"https:\/\/audiologyblog.phonakpro.com\/de\/\"},{\"@type\":\"ListItem\",\"position\":2,\"name\":\"Home\"}]},{\"@type\":\"WebSite\",\"@id\":\"https:\/\/audiologyblog.phonakpro.com\/#website\",\"url\":\"https:\/\/audiologyblog.phonakpro.com\/\",\"name\":\"Phonak Audiology Blog - Phonak Pro - life is on\",\"description\":\"1The Phonak Audiology Blog presents audiological topics, research and hearing technology updates from experts at Phonak and across the hearing industry.\",\"publisher\":{\"@id\":\"https:\/\/audiologyblog.phonakpro.com\/#organization\"},\"potentialAction\":[{\"@type\":\"SearchAction\",\"target\":{\"@type\":\"EntryPoint\",\"urlTemplate\":\"https:\/\/audiologyblog.phonakpro.com\/?s={search_term_string}\"},\"query-input\":{\"@type\":\"PropertyValueSpecification\",\"valueRequired\":true,\"valueName\":\"search_term_string\"}}],\"inLanguage\":\"de\"},{\"@type\":\"Organization\",\"@id\":\"https:\/\/audiologyblog.phonakpro.com\/#organization\",\"name\":\"Phonak Audiology Blog - Phonak Pro - life is on\",\"url\":\"https:\/\/audiologyblog.phonakpro.com\/\",\"logo\":{\"@type\":\"ImageObject\",\"inLanguage\":\"de\",\"@id\":\"https:\/\/audiologyblog.phonakpro.com\/#\/schema\/logo\/image\/\",\"url\":\"https:\/\/audiologyblog.phonakpro.com\/wp-content\/uploads\/2016\/09\/Logo_Phonak_life_is_on_pos_RGB_300dpi.jpg\",\"contentUrl\":\"https:\/\/audiologyblog.phonakpro.com\/wp-content\/uploads\/2016\/09\/Logo_Phonak_life_is_on_pos_RGB_300dpi.jpg\",\"width\":1630,\"height\":863,\"caption\":\"Phonak Audiology Blog - Phonak Pro - life is on\"},\"image\":{\"@id\":\"https:\/\/audiologyblog.phonakpro.com\/#\/schema\/logo\/image\/\"},\"sameAs\":[\"https:\/\/www.facebook.com\/phonak\",\"https:\/\/x.com\/phonak\",\"https:\/\/www.instagram.com\/phonak\",\"https:\/\/www.linkedin.com\/company\/phonak\",\"https:\/\/www.youtube.com\/c\/phonak\"]}]}<\/script>\n<!-- \/ Yoast SEO plugin. -->","yoast_head_json":{"title":"Home - Phonak Audiology Blog - Phonak Pro - life is on","robots":{"index":"index","follow":"follow","max-snippet":"max-snippet:-1","max-image-preview":"max-image-preview:large","max-video-preview":"max-video-preview:-1"},"canonical":"https:\/\/audiologyblog.phonakpro.com\/de\/","og_locale":"de_DE","og_type":"article","og_title":"Home - Phonak Audiology Blog - Phonak Pro - life is on","og_description":"Audiology Blog Auf dem Phonak Audiologie Blog beleuchten unsere Experten von Phonak und aus der gesamten Industrie audiologische Themen f\u00fcr Sie. Mit unseren kurzen und unterhaltsamen Artikeln bleiben Sie auf einfache Weise auf dem Laufenden zu den neusten Entwicklungen in der H\u00f6rakustik.","og_url":"https:\/\/audiologyblog.phonakpro.com\/de\/","og_site_name":"Phonak Audiology Blog - Phonak Pro - life is on","article_publisher":"https:\/\/www.facebook.com\/phonak","article_modified_time":"2022-11-02T09:45:43+00:00","og_image":[{"url":"https:\/\/audiologyblog.phonakpro.com\/wp-content\/uploads\/2021\/10\/Learning_Grafik-1190x650.png","type":"","width":"","height":""}],"twitter_card":"summary_large_image","twitter_site":"@phonak","twitter_misc":{"Gesch\u00e4tzte Lesezeit":"1\u00a0Minute"},"schema":{"@context":"https:\/\/schema.org","@graph":[{"@type":"WebPage","@id":"https:\/\/audiologyblog.phonakpro.com\/de\/","url":"https:\/\/audiologyblog.phonakpro.com\/de\/","name":"Home - Phonak Audiology Blog - Phonak Pro - life is on","isPartOf":{"@id":"https:\/\/audiologyblog.phonakpro.com\/#website"},"primaryImageOfPage":{"@id":"https:\/\/audiologyblog.phonakpro.com\/de\/#primaryimage"},"image":{"@id":"https:\/\/audiologyblog.phonakpro.com\/de\/#primaryimage"},"thumbnailUrl":"https:\/\/audiologyblog.phonakpro.com\/wp-content\/uploads\/2021\/10\/Learning_Grafik-1190x650.png","datePublished":"2021-10-04T09:32:25+00:00","dateModified":"2022-11-02T09:45:43+00:00","breadcrumb":{"@id":"https:\/\/audiologyblog.phonakpro.com\/de\/#breadcrumb"},"inLanguage":"de","potentialAction":[{"@type":"ReadAction","target":["https:\/\/audiologyblog.phonakpro.com\/de\/"]}]},{"@type":"ImageObject","inLanguage":"de","@id":"https:\/\/audiologyblog.phonakpro.com\/de\/#primaryimage","url":"https:\/\/audiologyblog.phonakpro.com\/wp-content\/uploads\/2021\/10\/Learning_Grafik-1190x650.png","contentUrl":"https:\/\/audiologyblog.phonakpro.com\/wp-content\/uploads\/2021\/10\/Learning_Grafik-1190x650.png"},{"@type":"BreadcrumbList","@id":"https:\/\/audiologyblog.phonakpro.com\/de\/#breadcrumb","itemListElement":[{"@type":"ListItem","position":1,"name":"Home","item":"https:\/\/audiologyblog.phonakpro.com\/de\/"},{"@type":"ListItem","position":2,"name":"Home"}]},{"@type":"WebSite","@id":"https:\/\/audiologyblog.phonakpro.com\/#website","url":"https:\/\/audiologyblog.phonakpro.com\/","name":"Phonak Audiology Blog - Phonak Pro - life is on","description":"1The Phonak Audiology Blog presents audiological topics, research and hearing technology updates from experts at Phonak and across the hearing industry.","publisher":{"@id":"https:\/\/audiologyblog.phonakpro.com\/#organization"},"potentialAction":[{"@type":"SearchAction","target":{"@type":"EntryPoint","urlTemplate":"https:\/\/audiologyblog.phonakpro.com\/?s={search_term_string}"},"query-input":{"@type":"PropertyValueSpecification","valueRequired":true,"valueName":"search_term_string"}}],"inLanguage":"de"},{"@type":"Organization","@id":"https:\/\/audiologyblog.phonakpro.com\/#organization","name":"Phonak Audiology Blog - Phonak Pro - life is on","url":"https:\/\/audiologyblog.phonakpro.com\/","logo":{"@type":"ImageObject","inLanguage":"de","@id":"https:\/\/audiologyblog.phonakpro.com\/#\/schema\/logo\/image\/","url":"https:\/\/audiologyblog.phonakpro.com\/wp-content\/uploads\/2016\/09\/Logo_Phonak_life_is_on_pos_RGB_300dpi.jpg","contentUrl":"https:\/\/audiologyblog.phonakpro.com\/wp-content\/uploads\/2016\/09\/Logo_Phonak_life_is_on_pos_RGB_300dpi.jpg","width":1630,"height":863,"caption":"Phonak Audiology Blog - Phonak Pro - life is on"},"image":{"@id":"https:\/\/audiologyblog.phonakpro.com\/#\/schema\/logo\/image\/"},"sameAs":["https:\/\/www.facebook.com\/phonak","https:\/\/x.com\/phonak","https:\/\/www.instagram.com\/phonak","https:\/\/www.linkedin.com\/company\/phonak","https:\/\/www.youtube.com\/c\/phonak"]}]}},"_links":{"self":[{"href":"https:\/\/audiologyblog.phonakpro.com\/de\/wp-json\/wp\/v2\/pages\/505822","targetHints":{"allow":["GET"]}}],"collection":[{"href":"https:\/\/audiologyblog.phonakpro.com\/de\/wp-json\/wp\/v2\/pages"}],"about":[{"href":"https:\/\/audiologyblog.phonakpro.com\/de\/wp-json\/wp\/v2\/types\/page"}],"author":[{"embeddable":true,"href":"https:\/\/audiologyblog.phonakpro.com\/de\/wp-json\/wp\/v2\/users\/1"}],"replies":[{"embeddable":true,"href":"https:\/\/audiologyblog.phonakpro.com\/de\/wp-json\/wp\/v2\/comments?post=505822"}],"version-history":[{"count":14,"href":"https:\/\/audiologyblog.phonakpro.com\/de\/wp-json\/wp\/v2\/pages\/505822\/revisions"}],"predecessor-version":[{"id":653029,"href":"https:\/\/audiologyblog.phonakpro.com\/de\/wp-json\/wp\/v2\/pages\/505822\/revisions\/653029"}],"wp:attachment":[{"href":"https:\/\/audiologyblog.phonakpro.com\/de\/wp-json\/wp\/v2\/media?parent=505822"}],"curies":[{"name":"wp","href":"https:\/\/api.w.org\/{rel}","templated":true}]}}